{"id":9912,"date":"2021-06-05T07:17:45","date_gmt":"2021-06-05T07:17:45","guid":{"rendered":"https:\/\/demo.wpthemego.com\/themes\/sw_kontruk\/?page_id=9912"},"modified":"2023-06-13T18:44:05","modified_gmt":"2023-06-13T18:44:05","slug":"projet-realises-par-kiyanca","status":"publish","type":"page","link":"https:\/\/kiyancagroup.com\/index.php\/projet-realises-par-kiyanca\/","title":{"rendered":"PROJETS"},"content":{"rendered":"\t\t<div data-elementor-type=\"wp-page\" data-elementor-id=\"9912\" class=\"elementor elementor-9912\">\n\t\t\t\t\t\t\t\t\t<section class=\"elementor-section elementor-top-section elementor-element elementor-element-397c8c2 elementor-section-boxed elementor-section-height-default elementor-section-height-default wpr-particle-no wpr-jarallax-no wpr-parallax-no wpr-sticky-section-no elementor-invisible\" data-id=\"397c8c2\" data-element_type=\"section\" data-settings=\"{&quot;background_background&quot;:&quot;classic&quot;,&quot;animation&quot;:&quot;fadeInDown&quot;}\">\n\t\t\t\t\t\t<div class=\"elementor-container elementor-column-gap-default\">\n\t\t\t\t\t<div class=\"elementor-column elementor-col-50 elementor-top-column elementor-element elementor-element-6294f26\" data-id=\"6294f26\" data-element_type=\"column\">\n\t\t\t<div class=\"elementor-widget-wrap elementor-element-populated\">\n\t\t\t\t\t\t\t\t<div class=\"elementor-element elementor-element-f950381 elementor-widget elementor-widget-image\" data-id=\"f950381\" data-element_type=\"widget\" data-widget_type=\"image.default\">\n\t\t\t\t<div class=\"elementor-widget-container\">\n\t\t\t<style>\/*! elementor - v3.13.3 - 28-05-2023 *\/\n.elementor-widget-image{text-align:center}.elementor-widget-image a{display:inline-block}.elementor-widget-image a img[src$=\".svg\"]{width:48px}.elementor-widget-image img{vertical-align:middle;display:inline-block}<\/style>\t\t\t\t\t\t\t\t\t\t\t\t<img loading=\"lazy\" decoding=\"async\" width=\"474\" height=\"302\" src=\"https:\/\/kiyancagroup.com\/wp-content\/uploads\/2023\/06\/OIP-2023-06-13T120546.002.jpg\" class=\"attachment-large size-large wp-image-14524\" alt=\"\" srcset=\"https:\/\/kiyancagroup.com\/wp-content\/uploads\/2023\/06\/OIP-2023-06-13T120546.002.jpg 474w, https:\/\/kiyancagroup.com\/wp-content\/uploads\/2023\/06\/OIP-2023-06-13T120546.002-300x191.jpg 300w\" sizes=\"auto, (max-width: 474px) 100vw, 474px\" \/>\t\t\t\t\t\t\t\t\t\t\t\t\t\t\t<\/div>\n\t\t\t\t<\/div>\n\t\t\t\t<div class=\"elementor-element elementor-element-68fb9b8 elementor-view-default elementor-vertical-align-top elementor-widget elementor-widget-icon-box\" data-id=\"68fb9b8\" data-element_type=\"widget\" data-widget_type=\"icon-box.default\">\n\t\t\t\t<div class=\"elementor-widget-container\">\n\t\t\t<link rel=\"stylesheet\" href=\"https:\/\/kiyancagroup.com\/wp-content\/plugins\/elementor\/assets\/css\/widget-icon-box.min.css\">\t\t<div class=\"elementor-icon-box-wrapper\">\n\t\t\t\t\t\t<div class=\"elementor-icon-box-content\">\n\t\t\t\t<h3 class=\"elementor-icon-box-title\">\n\t\t\t\t\t<span  >\n\t\t\t\t\t\tCHANTIER AGEF \t\t\t\t\t<\/span>\n\t\t\t\t<\/h3>\n\t\t\t\t\t\t\t\t\t<p class=\"elementor-icon-box-description\">\n\t\t\t\t\t\tL\u2019immeuble AGEF est situ\u00e9 \u00e0 COCODY-ANGRE Nouveau CHU, c\u2019est un immeuble r+3 dot\u00e9 d\u2019un penthouse sur la dalle construite enti\u00e8rement par notre \u00e9quipe de professionnels, il a pour caract\u00e9ristique principale son tr\u00e8s haut standing et une s\u00e9curit\u00e9 garantie pour les locataires qui y r\u00e9sident.\n\t\t\t\t\t<\/p>\n\t\t\t\t\t\t\t<\/div>\n\t\t<\/div>\n\t\t\t\t<\/div>\n\t\t\t\t<\/div>\n\t\t\t\t\t<\/div>\n\t\t<\/div>\n\t\t\t\t<div class=\"elementor-column elementor-col-50 elementor-top-column elementor-element elementor-element-b148e31\" data-id=\"b148e31\" data-element_type=\"column\">\n\t\t\t<div class=\"elementor-widget-wrap elementor-element-populated\">\n\t\t\t\t\t\t\t\t<div class=\"elementor-element elementor-element-edd7128 elementor-widget elementor-widget-image\" data-id=\"edd7128\" data-element_type=\"widget\" data-widget_type=\"image.default\">\n\t\t\t\t<div class=\"elementor-widget-container\">\n\t\t\t\t\t\t\t\t\t\t\t\t\t\t\t<img loading=\"lazy\" decoding=\"async\" width=\"474\" height=\"302\" src=\"https:\/\/kiyancagroup.com\/wp-content\/uploads\/2023\/06\/reabiliter-\u2013-2.png\" class=\"attachment-large size-large wp-image-14671\" alt=\"\" srcset=\"https:\/\/kiyancagroup.com\/wp-content\/uploads\/2023\/06\/reabiliter-\u2013-2.png 474w, https:\/\/kiyancagroup.com\/wp-content\/uploads\/2023\/06\/reabiliter-\u2013-2-300x191.png 300w\" sizes=\"auto, (max-width: 474px) 100vw, 474px\" \/>\t\t\t\t\t\t\t\t\t\t\t\t\t\t\t<\/div>\n\t\t\t\t<\/div>\n\t\t\t\t<div class=\"elementor-element elementor-element-81849cf elementor-view-default elementor-vertical-align-top elementor-widget elementor-widget-icon-box\" data-id=\"81849cf\" data-element_type=\"widget\" data-widget_type=\"icon-box.default\">\n\t\t\t\t<div class=\"elementor-widget-container\">\n\t\t\t\t\t<div class=\"elementor-icon-box-wrapper\">\n\t\t\t\t\t\t<div class=\"elementor-icon-box-content\">\n\t\t\t\t<h3 class=\"elementor-icon-box-title\">\n\t\t\t\t\t<span  >\n\t\t\t\t\t\tCHANTIER CITE ARAFAT\t\t\t\t\t<\/span>\n\t\t\t\t<\/h3>\n\t\t\t\t\t\t\t\t\t<p class=\"elementor-icon-box-description\">\n\t\t\t\t\t\tIl s\u2019agit l\u00e0 d\u2019un duplex situ\u00e9 \u00e0 COCODY-ANGRE CITE GROUPEMENT 4000 repris \u00e0 z\u00e9ro par notre \u00e9quipe de professionnels.\n\nNos differentses efforts ont aboutits \u00e0 un resultat tr\u00e8s satisfaisant. Ainsi vous etes invit\u00e9s \u00e0 nous contacter au cas d'un quelconque besoin.\t\t\t\t\t<\/p>\n\t\t\t\t\t\t\t<\/div>\n\t\t<\/div>\n\t\t\t\t<\/div>\n\t\t\t\t<\/div>\n\t\t\t\t\t<\/div>\n\t\t<\/div>\n\t\t\t\t\t\t\t<\/div>\n\t\t<\/section>\n\t\t\t\t<section class=\"elementor-section elementor-top-section elementor-element elementor-element-d15999b elementor-section-boxed elementor-section-height-default elementor-section-height-default wpr-particle-no wpr-jarallax-no wpr-parallax-no wpr-sticky-section-no elementor-invisible\" data-id=\"d15999b\" data-element_type=\"section\" data-settings=\"{&quot;background_background&quot;:&quot;classic&quot;,&quot;animation&quot;:&quot;fadeInUp&quot;}\">\n\t\t\t\t\t\t<div class=\"elementor-container elementor-column-gap-default\">\n\t\t\t\t\t<div class=\"elementor-column elementor-col-50 elementor-top-column elementor-element elementor-element-d5a72f9\" data-id=\"d5a72f9\" data-element_type=\"column\">\n\t\t\t<div class=\"elementor-widget-wrap elementor-element-populated\">\n\t\t\t\t\t\t\t\t<div class=\"elementor-element elementor-element-75ded8e elementor-widget elementor-widget-image\" data-id=\"75ded8e\" data-element_type=\"widget\" data-widget_type=\"image.default\">\n\t\t\t\t<div class=\"elementor-widget-container\">\n\t\t\t\t\t\t\t\t\t\t\t\t\t\t\t<img loading=\"lazy\" decoding=\"async\" width=\"474\" height=\"302\" src=\"https:\/\/kiyancagroup.com\/wp-content\/uploads\/2023\/06\/reabiliter-\u2013-3.png\" class=\"attachment-large size-large wp-image-14672\" alt=\"\" srcset=\"https:\/\/kiyancagroup.com\/wp-content\/uploads\/2023\/06\/reabiliter-\u2013-3.png 474w, https:\/\/kiyancagroup.com\/wp-content\/uploads\/2023\/06\/reabiliter-\u2013-3-300x191.png 300w\" sizes=\"auto, (max-width: 474px) 100vw, 474px\" \/>\t\t\t\t\t\t\t\t\t\t\t\t\t\t\t<\/div>\n\t\t\t\t<\/div>\n\t\t\t\t<div class=\"elementor-element elementor-element-9aa997e elementor-view-default elementor-vertical-align-top elementor-widget elementor-widget-icon-box\" data-id=\"9aa997e\" data-element_type=\"widget\" data-widget_type=\"icon-box.default\">\n\t\t\t\t<div class=\"elementor-widget-container\">\n\t\t\t\t\t<div class=\"elementor-icon-box-wrapper\">\n\t\t\t\t\t\t<div class=\"elementor-icon-box-content\">\n\t\t\t\t<h3 class=\"elementor-icon-box-title\">\n\t\t\t\t\t<span  >\n\t\t\t\t\t\tCHANTIER SIPAO\t\t\t\t\t<\/span>\n\t\t\t\t<\/h3>\n\t\t\t\t\t\t\t\t\t<p class=\"elementor-icon-box-description\">\n\t\t\t\t\t\tCe b\u00e2timent a \u00e9t\u00e9 enti\u00e8rement r\u00e9habilit\u00e9 par nos soins sur la demande du Minist\u00e8re de l\u2019int\u00e9rieur et de la s\u00e9curit\u00e9. Il est situ\u00e9 \u00e0 COCODY CENTRE non loin de l\u2019h\u00f4tel de ville de COCODY.\n\t\t\t\t\t<\/p>\n\t\t\t\t\t\t\t<\/div>\n\t\t<\/div>\n\t\t\t\t<\/div>\n\t\t\t\t<\/div>\n\t\t\t\t\t<\/div>\n\t\t<\/div>\n\t\t\t\t<div class=\"elementor-column elementor-col-50 elementor-top-column elementor-element elementor-element-dd66dcc\" data-id=\"dd66dcc\" data-element_type=\"column\">\n\t\t\t<div class=\"elementor-widget-wrap elementor-element-populated\">\n\t\t\t\t\t\t\t\t<div class=\"elementor-element elementor-element-7878a0d elementor-widget elementor-widget-image\" data-id=\"7878a0d\" data-element_type=\"widget\" data-widget_type=\"image.default\">\n\t\t\t\t<div class=\"elementor-widget-container\">\n\t\t\t\t\t\t\t\t\t\t\t\t\t\t\t<img loading=\"lazy\" decoding=\"async\" width=\"474\" height=\"302\" src=\"https:\/\/kiyancagroup.com\/wp-content\/uploads\/2023\/06\/reabiliter.png\" class=\"attachment-large size-large wp-image-14674\" alt=\"\" srcset=\"https:\/\/kiyancagroup.com\/wp-content\/uploads\/2023\/06\/reabiliter.png 474w, https:\/\/kiyancagroup.com\/wp-content\/uploads\/2023\/06\/reabiliter-300x191.png 300w\" sizes=\"auto, (max-width: 474px) 100vw, 474px\" \/>\t\t\t\t\t\t\t\t\t\t\t\t\t\t\t<\/div>\n\t\t\t\t<\/div>\n\t\t\t\t<div class=\"elementor-element elementor-element-f056e99 elementor-view-default elementor-vertical-align-top elementor-widget elementor-widget-icon-box\" data-id=\"f056e99\" data-element_type=\"widget\" data-widget_type=\"icon-box.default\">\n\t\t\t\t<div class=\"elementor-widget-container\">\n\t\t\t\t\t<div class=\"elementor-icon-box-wrapper\">\n\t\t\t\t\t\t<div class=\"elementor-icon-box-content\">\n\t\t\t\t<h3 class=\"elementor-icon-box-title\">\n\t\t\t\t\t<span  >\n\t\t\t\t\t\tCHANTIER SPM\t\t\t\t\t<\/span>\n\t\t\t\t<\/h3>\n\t\t\t\t\t\t\t\t\t<p class=\"elementor-icon-box-description\">\n\t\t\t\t\t\tLa cit\u00e9 FPM est situ\u00e9 \u00e0 COCODY-ANGRE Ch\u00e2teau et nous avons bien entendu particip\u00e9 aussi \u00e0 la construction de villas de haut standing dans cette partie de la ville d\u2019ABIDJAN-COCODY.\n\t\t\t\t\t<\/p>\n\t\t\t\t\t\t\t<\/div>\n\t\t<\/div>\n\t\t\t\t<\/div>\n\t\t\t\t<\/div>\n\t\t\t\t\t<\/div>\n\t\t<\/div>\n\t\t\t\t\t\t\t<\/div>\n\t\t<\/section>\n\t\t\t\t<section class=\"elementor-section elementor-top-section elementor-element elementor-element-af1ed07 elementor-section-boxed elementor-section-height-default elementor-section-height-default wpr-particle-no wpr-jarallax-no wpr-parallax-no wpr-sticky-section-no\" data-id=\"af1ed07\" data-element_type=\"section\">\n\t\t\t\t\t\t<div class=\"elementor-container elementor-column-gap-default\">\n\t\t\t\t\t<div class=\"elementor-column elementor-col-100 elementor-top-column elementor-element elementor-element-9f88c82\" data-id=\"9f88c82\" data-element_type=\"column\">\n\t\t\t<div class=\"elementor-widget-wrap\">\n\t\t\t\t\t\t\t\t\t<\/div>\n\t\t<\/div>\n\t\t\t\t\t\t\t<\/div>\n\t\t<\/section>\n\t\t\t\t<section class=\"elementor-section elementor-top-section elementor-element elementor-element-2a7a88d elementor-section-boxed elementor-section-height-default elementor-section-height-default wpr-particle-no wpr-jarallax-no wpr-parallax-no wpr-sticky-section-no\" data-id=\"2a7a88d\" data-element_type=\"section\">\n\t\t\t\t\t\t<div class=\"elementor-container elementor-column-gap-extended\">\n\t\t\t\t\t<div class=\"elementor-column elementor-col-100 elementor-top-column elementor-element elementor-element-3e4137c\" data-id=\"3e4137c\" data-element_type=\"column\">\n\t\t\t<div class=\"elementor-widget-wrap elementor-element-populated\">\n\t\t\t\t\t\t\t\t<div class=\"elementor-element elementor-element-ed6741f elementor-widget elementor-widget-heading\" data-id=\"ed6741f\" data-element_type=\"widget\" data-widget_type=\"heading.default\">\n\t\t\t\t<div class=\"elementor-widget-container\">\n\t\t\t<style>\/*! elementor - v3.13.3 - 28-05-2023 *\/\n.elementor-heading-title{padding:0;margin:0;line-height:1}.elementor-widget-heading .elementor-heading-title[class*=elementor-size-]>a{color:inherit;font-size:inherit;line-height:inherit}.elementor-widget-heading .elementor-heading-title.elementor-size-small{font-size:15px}.elementor-widget-heading .elementor-heading-title.elementor-size-medium{font-size:19px}.elementor-widget-heading .elementor-heading-title.elementor-size-large{font-size:29px}.elementor-widget-heading .elementor-heading-title.elementor-size-xl{font-size:39px}.elementor-widget-heading .elementor-heading-title.elementor-size-xxl{font-size:59px}<\/style><h3 class=\"elementor-heading-title elementor-size-default\">Nos Partenaires <\/h3>\t\t<\/div>\n\t\t\t\t<\/div>\n\t\t\t\t<div class=\"elementor-element elementor-element-98ca350 sp-partnes elementor-widget elementor-widget-image-carousel\" data-id=\"98ca350\" data-element_type=\"widget\" data-settings=\"{&quot;slides_to_show&quot;:&quot;6&quot;,&quot;navigation&quot;:&quot;none&quot;,&quot;slides_to_show_tablet&quot;:&quot;3&quot;,&quot;autoplay&quot;:&quot;yes&quot;,&quot;pause_on_hover&quot;:&quot;yes&quot;,&quot;pause_on_interaction&quot;:&quot;yes&quot;,&quot;autoplay_speed&quot;:5000,&quot;infinite&quot;:&quot;yes&quot;,&quot;speed&quot;:500}\" data-widget_type=\"image-carousel.default\">\n\t\t\t\t<div class=\"elementor-widget-container\">\n\t\t\t<style>\/*! elementor - v3.13.3 - 28-05-2023 *\/\n.elementor-widget-image-carousel .swiper,.elementor-widget-image-carousel .swiper-container{position:static}.elementor-widget-image-carousel .swiper-container .swiper-slide figure,.elementor-widget-image-carousel .swiper .swiper-slide figure{line-height:inherit}.elementor-widget-image-carousel .swiper-slide{text-align:center}.elementor-image-carousel-wrapper:not(.swiper-container-initialized):not(.swiper-initialized) .swiper-slide{max-width:calc(100% \/ var(--e-image-carousel-slides-to-show, 3))}<\/style>\t\t<div class=\"elementor-image-carousel-wrapper swiper\" dir=\"ltr\">\n\t\t\t<div class=\"elementor-image-carousel swiper-wrapper\">\n\t\t\t\t\t\t\t\t<div class=\"swiper-slide\"><figure class=\"swiper-slide-inner\"><img decoding=\"async\" class=\"swiper-slide-image\" src=\"https:\/\/kiyancagroup.com\/wp-content\/uploads\/2021\/05\/brand1.jpg\" alt=\"brand1\" \/><\/figure><\/div><div class=\"swiper-slide\"><figure class=\"swiper-slide-inner\"><img decoding=\"async\" class=\"swiper-slide-image\" src=\"https:\/\/kiyancagroup.com\/wp-content\/uploads\/2021\/05\/brand2.jpg\" alt=\"brand2\" \/><\/figure><\/div><div class=\"swiper-slide\"><figure class=\"swiper-slide-inner\"><img decoding=\"async\" class=\"swiper-slide-image\" src=\"https:\/\/kiyancagroup.com\/wp-content\/uploads\/2021\/05\/brand3.jpg\" alt=\"brand3\" \/><\/figure><\/div><div class=\"swiper-slide\"><figure class=\"swiper-slide-inner\"><img decoding=\"async\" class=\"swiper-slide-image\" src=\"https:\/\/kiyancagroup.com\/wp-content\/uploads\/2021\/05\/brand4.jpg\" alt=\"brand4\" \/><\/figure><\/div><div class=\"swiper-slide\"><figure class=\"swiper-slide-inner\"><img decoding=\"async\" class=\"swiper-slide-image\" src=\"https:\/\/kiyancagroup.com\/wp-content\/uploads\/2021\/05\/brand5.jpg\" alt=\"brand5\" \/><\/figure><\/div><div class=\"swiper-slide\"><figure class=\"swiper-slide-inner\"><img decoding=\"async\" class=\"swiper-slide-image\" src=\"https:\/\/kiyancagroup.com\/wp-content\/uploads\/2021\/05\/brand6.jpg\" alt=\"brand6\" \/><\/figure><\/div>\t\t\t<\/div>\n\t\t\t\t\t\t\t\t\t\t\t\t\t\t\t\t<\/div>\n\t\t\t\t<\/div>\n\t\t\t\t<\/div>\n\t\t\t\t\t<\/div>\n\t\t<\/div>\n\t\t\t\t\t\t\t<\/div>\n\t\t<\/section>\n\t\t\t\t\t\t\t<\/div>\n\t\t","protected":false},"excerpt":{"rendered":"<p>CHANTIER AGEF L\u2019immeuble AGEF est situ\u00e9 \u00e0 COCODY-ANGRE Nouveau CHU, c\u2019est un immeuble r+3 dot\u00e9 d\u2019un penthouse sur la dalle construite enti\u00e8rement par notre \u00e9quipe de professionnels, il a pour caract\u00e9ristique principale son tr\u00e8s haut standing et une s\u00e9curit\u00e9 garantie &hellip; <a href=\"https:\/\/kiyancagroup.com\/index.php\/projet-realises-par-kiyanca\/\">Readmore<\/a><\/p>\n","protected":false},"author":1,"featured_media":13692,"parent":0,"menu_order":0,"comment_status":"closed","ping_status":"closed","template":"","meta":{"footnotes":""},"class_list":["post-9912","page","type-page","status-publish","has-post-thumbnail","hentry"],"yoast_head":"<!-- This site is optimized with the Yoast SEO plugin v20.8 - https:\/\/yoast.com\/wordpress\/plugins\/seo\/ -->\n<title>PROJETS - KIYANCA GROUP<\/title>\n<meta name=\"description\" content=\"Les projets r\u00e9alis\u00e9s par Kiyanca sont nombreux et vari\u00e9s entre la construction b\u00e2timents et la gestion de patrimoines.\" \/>\n<meta name=\"robots\" content=\"index, follow, max-snippet:-1, max-image-preview:large, max-video-preview:-1\" \/>\n<link rel=\"canonical\" href=\"https:\/\/kiyancagroup.com\/index.php\/projet-realises-par-kiyanca\/\" \/>\n<meta property=\"og:locale\" content=\"fr_FR\" \/>\n<meta property=\"og:type\" content=\"article\" \/>\n<meta property=\"og:title\" content=\"PROJETS - KIYANCA GROUP\" \/>\n<meta property=\"og:description\" content=\"Les projets r\u00e9alis\u00e9s par Kiyanca sont nombreux et vari\u00e9s entre la construction b\u00e2timents et la gestion de patrimoines.\" \/>\n<meta property=\"og:url\" content=\"https:\/\/kiyancagroup.com\/index.php\/projet-realises-par-kiyanca\/\" \/>\n<meta property=\"og:site_name\" content=\"KIYANCA GROUP\" \/>\n<meta property=\"article:modified_time\" content=\"2023-06-13T18:44:05+00:00\" \/>\n<meta property=\"og:image\" content=\"https:\/\/kiyancagroup.com\/wp-content\/uploads\/2021\/09\/project-sl1.jpg\" \/>\n\t<meta property=\"og:image:width\" content=\"630\" \/>\n\t<meta property=\"og:image:height\" content=\"420\" \/>\n\t<meta property=\"og:image:type\" content=\"image\/jpeg\" \/>\n<meta name=\"twitter:card\" content=\"summary_large_image\" \/>\n<meta name=\"twitter:label1\" content=\"Dur\u00e9e de lecture estim\u00e9e\" \/>\n\t<meta name=\"twitter:data1\" content=\"6 minutes\" \/>\n<script type=\"application\/ld+json\" class=\"yoast-schema-graph\">{\"@context\":\"https:\/\/schema.org\",\"@graph\":[{\"@type\":\"WebPage\",\"@id\":\"https:\/\/kiyancagroup.com\/index.php\/projet-realises-par-kiyanca\/\",\"url\":\"https:\/\/kiyancagroup.com\/index.php\/projet-realises-par-kiyanca\/\",\"name\":\"PROJETS - KIYANCA GROUP\",\"isPartOf\":{\"@id\":\"https:\/\/kiyancagroup.com\/#website\"},\"datePublished\":\"2021-06-05T07:17:45+00:00\",\"dateModified\":\"2023-06-13T18:44:05+00:00\",\"description\":\"Les projets r\u00e9alis\u00e9s par Kiyanca sont nombreux et vari\u00e9s entre la construction b\u00e2timents et la gestion de patrimoines.\",\"breadcrumb\":{\"@id\":\"https:\/\/kiyancagroup.com\/index.php\/projet-realises-par-kiyanca\/#breadcrumb\"},\"inLanguage\":\"fr-FR\",\"potentialAction\":[{\"@type\":\"ReadAction\",\"target\":[\"https:\/\/kiyancagroup.com\/index.php\/projet-realises-par-kiyanca\/\"]}]},{\"@type\":\"BreadcrumbList\",\"@id\":\"https:\/\/kiyancagroup.com\/index.php\/projet-realises-par-kiyanca\/#breadcrumb\",\"itemListElement\":[{\"@type\":\"ListItem\",\"position\":1,\"name\":\"Accueil\",\"item\":\"https:\/\/kiyancagroup.com\/\"},{\"@type\":\"ListItem\",\"position\":2,\"name\":\"PROJETS\"}]},{\"@type\":\"WebSite\",\"@id\":\"https:\/\/kiyancagroup.com\/#website\",\"url\":\"https:\/\/kiyancagroup.com\/\",\"name\":\"KIYANCA GROUP\",\"description\":\"&quot;B\u00e2tissons l&#039;avenir immobilier ensemble avec Kiyanca Group\",\"potentialAction\":[{\"@type\":\"SearchAction\",\"target\":{\"@type\":\"EntryPoint\",\"urlTemplate\":\"https:\/\/kiyancagroup.com\/?s={search_term_string}\"},\"query-input\":\"required name=search_term_string\"}],\"inLanguage\":\"fr-FR\"}]}<\/script>\n<!-- \/ Yoast SEO plugin. -->","yoast_head_json":{"title":"PROJETS - KIYANCA GROUP","description":"Les projets r\u00e9alis\u00e9s par Kiyanca sont nombreux et vari\u00e9s entre la construction b\u00e2timents et la gestion de patrimoines.","robots":{"index":"index","follow":"follow","max-snippet":"max-snippet:-1","max-image-preview":"max-image-preview:large","max-video-preview":"max-video-preview:-1"},"canonical":"https:\/\/kiyancagroup.com\/index.php\/projet-realises-par-kiyanca\/","og_locale":"fr_FR","og_type":"article","og_title":"PROJETS - KIYANCA GROUP","og_description":"Les projets r\u00e9alis\u00e9s par Kiyanca sont nombreux et vari\u00e9s entre la construction b\u00e2timents et la gestion de patrimoines.","og_url":"https:\/\/kiyancagroup.com\/index.php\/projet-realises-par-kiyanca\/","og_site_name":"KIYANCA GROUP","article_modified_time":"2023-06-13T18:44:05+00:00","og_image":[{"width":630,"height":420,"url":"https:\/\/kiyancagroup.com\/wp-content\/uploads\/2021\/09\/project-sl1.jpg","type":"image\/jpeg"}],"twitter_card":"summary_large_image","twitter_misc":{"Dur\u00e9e de lecture estim\u00e9e":"6 minutes"},"schema":{"@context":"https:\/\/schema.org","@graph":[{"@type":"WebPage","@id":"https:\/\/kiyancagroup.com\/index.php\/projet-realises-par-kiyanca\/","url":"https:\/\/kiyancagroup.com\/index.php\/projet-realises-par-kiyanca\/","name":"PROJETS - KIYANCA GROUP","isPartOf":{"@id":"https:\/\/kiyancagroup.com\/#website"},"datePublished":"2021-06-05T07:17:45+00:00","dateModified":"2023-06-13T18:44:05+00:00","description":"Les projets r\u00e9alis\u00e9s par Kiyanca sont nombreux et vari\u00e9s entre la construction b\u00e2timents et la gestion de patrimoines.","breadcrumb":{"@id":"https:\/\/kiyancagroup.com\/index.php\/projet-realises-par-kiyanca\/#breadcrumb"},"inLanguage":"fr-FR","potentialAction":[{"@type":"ReadAction","target":["https:\/\/kiyancagroup.com\/index.php\/projet-realises-par-kiyanca\/"]}]},{"@type":"BreadcrumbList","@id":"https:\/\/kiyancagroup.com\/index.php\/projet-realises-par-kiyanca\/#breadcrumb","itemListElement":[{"@type":"ListItem","position":1,"name":"Accueil","item":"https:\/\/kiyancagroup.com\/"},{"@type":"ListItem","position":2,"name":"PROJETS"}]},{"@type":"WebSite","@id":"https:\/\/kiyancagroup.com\/#website","url":"https:\/\/kiyancagroup.com\/","name":"KIYANCA GROUP","description":"&quot;B\u00e2tissons l&#039;avenir immobilier ensemble avec Kiyanca Group","potentialAction":[{"@type":"SearchAction","target":{"@type":"EntryPoint","urlTemplate":"https:\/\/kiyancagroup.com\/?s={search_term_string}"},"query-input":"required name=search_term_string"}],"inLanguage":"fr-FR"}]}},"_links":{"self":[{"href":"https:\/\/kiyancagroup.com\/index.php\/wp-json\/wp\/v2\/pages\/9912","targetHints":{"allow":["GET"]}}],"collection":[{"href":"https:\/\/kiyancagroup.com\/index.php\/wp-json\/wp\/v2\/pages"}],"about":[{"href":"https:\/\/kiyancagroup.com\/index.php\/wp-json\/wp\/v2\/types\/page"}],"author":[{"embeddable":true,"href":"https:\/\/kiyancagroup.com\/index.php\/wp-json\/wp\/v2\/users\/1"}],"replies":[{"embeddable":true,"href":"https:\/\/kiyancagroup.com\/index.php\/wp-json\/wp\/v2\/comments?post=9912"}],"version-history":[{"count":89,"href":"https:\/\/kiyancagroup.com\/index.php\/wp-json\/wp\/v2\/pages\/9912\/revisions"}],"predecessor-version":[{"id":14822,"href":"https:\/\/kiyancagroup.com\/index.php\/wp-json\/wp\/v2\/pages\/9912\/revisions\/14822"}],"wp:featuredmedia":[{"embeddable":true,"href":"https:\/\/kiyancagroup.com\/index.php\/wp-json\/wp\/v2\/media\/13692"}],"wp:attachment":[{"href":"https:\/\/kiyancagroup.com\/index.php\/wp-json\/wp\/v2\/media?parent=9912"}],"curies":[{"name":"wp","href":"https:\/\/api.w.org\/{rel}","templated":true}]}}