{"id":1493,"date":"2023-05-14T02:02:00","date_gmt":"2023-05-14T02:02:00","guid":{"rendered":"https:\/\/demo.wpthemego.com\/themes\/sw_kontruk\/?page_id=1493"},"modified":"2023-06-13T15:14:41","modified_gmt":"2023-06-13T15:14:41","slug":"presentation","status":"publish","type":"page","link":"https:\/\/kiyancagroup.com\/index.php\/presentation\/","title":{"rendered":"Pr\u00e9sentation"},"content":{"rendered":"\t\t<div data-elementor-type=\"wp-page\" data-elementor-id=\"1493\" class=\"elementor elementor-1493\">\n\t\t\t\t\t\t\t\t\t<section class=\"elementor-section elementor-top-section elementor-element elementor-element-1aebef7 elementor-section-boxed elementor-section-height-default elementor-section-height-default wpr-particle-no wpr-jarallax-no wpr-parallax-no wpr-sticky-section-no\" data-id=\"1aebef7\" data-element_type=\"section\" data-settings=\"{&quot;background_background&quot;:&quot;classic&quot;}\">\n\t\t\t\t\t\t<div class=\"elementor-container elementor-column-gap-extended\">\n\t\t\t\t\t<div class=\"elementor-column elementor-col-50 elementor-top-column elementor-element elementor-element-990c983 box-res1\" data-id=\"990c983\" data-element_type=\"column\">\n\t\t\t<div class=\"elementor-widget-wrap elementor-element-populated\">\n\t\t\t\t\t\t\t\t<div class=\"elementor-element elementor-element-0409cf0 box-video elementor-widget elementor-widget-video\" data-id=\"0409cf0\" data-element_type=\"widget\" data-settings=\"{&quot;youtube_url&quot;:&quot;#&quot;,&quot;show_image_overlay&quot;:&quot;yes&quot;,&quot;image_overlay&quot;:{&quot;url&quot;:&quot;https:\\\/\\\/kiyancagroup.com\\\/wp-content\\\/uploads\\\/2021\\\/09\\\/2.jpg&quot;,&quot;id&quot;:13917,&quot;size&quot;:&quot;&quot;,&quot;alt&quot;:&quot;&quot;,&quot;source&quot;:&quot;library&quot;},&quot;video_type&quot;:&quot;youtube&quot;,&quot;controls&quot;:&quot;yes&quot;}\" data-widget_type=\"video.default\">\n\t\t\t\t<div class=\"elementor-widget-container\">\n\t\t\t<style>\/*! elementor - v3.13.3 - 28-05-2023 *\/\n.elementor-widget-video .elementor-widget-container{overflow:hidden;transform:translateZ(0)}.elementor-widget-video .elementor-wrapper{aspect-ratio:var(--video-aspect-ratio)}.elementor-widget-video .elementor-wrapper iframe,.elementor-widget-video .elementor-wrapper video{height:100%;width:100%;display:flex;border:none;background-color:#000}@supports not (aspect-ratio:1\/1){.elementor-widget-video .elementor-wrapper{position:relative;overflow:hidden;height:0;padding-bottom:calc(100% \/ var(--video-aspect-ratio))}.elementor-widget-video .elementor-wrapper iframe,.elementor-widget-video .elementor-wrapper video{position:absolute;top:0;right:0;bottom:0;left:0}}.elementor-widget-video .elementor-open-inline .elementor-custom-embed-image-overlay{position:absolute;top:0;left:0;width:100%;height:100%;background-size:cover;background-position:50%}.elementor-widget-video .elementor-custom-embed-image-overlay{cursor:pointer;text-align:center}.elementor-widget-video .elementor-custom-embed-image-overlay:hover .elementor-custom-embed-play i{opacity:1}.elementor-widget-video .elementor-custom-embed-image-overlay img{display:block;width:100%}.elementor-widget-video .e-hosted-video .elementor-video{-o-object-fit:cover;object-fit:cover}.e-con-inner>.elementor-widget-video,.e-con>.elementor-widget-video{width:var(--container-widget-width);--flex-grow:var(--container-widget-flex-grow)}<\/style>\t\t<div class=\"elementor-wrapper elementor-open-inline\">\n\t\t\t<div class=\"elementor-video\"><\/div>\t\t\t\t<div class=\"elementor-custom-embed-image-overlay\" style=\"background-image: url(https:\/\/kiyancagroup.com\/wp-content\/uploads\/2021\/09\/2.jpg);\">\n\t\t\t\t\t\t\t\t\t\t\t\t\t\t\t\t<div class=\"elementor-custom-embed-play\" role=\"button\" aria-label=\"Lire la vid\u00e9o\" tabindex=\"0\">\n\t\t\t\t\t\t\t<i aria-hidden=\"true\" class=\"eicon-play\"><\/i>\t\t\t\t\t\t\t<span class=\"elementor-screen-only\">Lire la vid\u00e9o<\/span>\n\t\t\t\t\t\t<\/div>\n\t\t\t\t\t\t\t\t\t<\/div>\n\t\t\t\t\t<\/div>\n\t\t\t\t<\/div>\n\t\t\t\t<\/div>\n\t\t\t\t\t<\/div>\n\t\t<\/div>\n\t\t\t\t<div class=\"elementor-column elementor-col-50 elementor-top-column elementor-element elementor-element-a907406 box-res1\" data-id=\"a907406\" data-element_type=\"column\">\n\t\t\t<div class=\"elementor-widget-wrap elementor-element-populated\">\n\t\t\t\t\t\t\t\t<div class=\"elementor-element elementor-element-315da33 title-elmentor1 elementor-widget elementor-widget-heading\" data-id=\"315da33\" data-element_type=\"widget\" data-widget_type=\"heading.default\">\n\t\t\t\t<div class=\"elementor-widget-container\">\n\t\t\t<style>\/*! elementor - v3.13.3 - 28-05-2023 *\/\n.elementor-heading-title{padding:0;margin:0;line-height:1}.elementor-widget-heading .elementor-heading-title[class*=elementor-size-]>a{color:inherit;font-size:inherit;line-height:inherit}.elementor-widget-heading .elementor-heading-title.elementor-size-small{font-size:15px}.elementor-widget-heading .elementor-heading-title.elementor-size-medium{font-size:19px}.elementor-widget-heading .elementor-heading-title.elementor-size-large{font-size:29px}.elementor-widget-heading .elementor-heading-title.elementor-size-xl{font-size:39px}.elementor-widget-heading .elementor-heading-title.elementor-size-xxl{font-size:59px}<\/style><div class=\"elementor-heading-title elementor-size-default\">PRESENTATION<\/div>\t\t<\/div>\n\t\t\t\t<\/div>\n\t\t\t\t<div class=\"elementor-element elementor-element-b6caa45 title-elmentor2 elementor-view-default elementor-vertical-align-top elementor-widget elementor-widget-icon-box\" data-id=\"b6caa45\" data-element_type=\"widget\" data-widget_type=\"icon-box.default\">\n\t\t\t\t<div class=\"elementor-widget-container\">\n\t\t\t<link rel=\"stylesheet\" href=\"https:\/\/kiyancagroup.com\/wp-content\/plugins\/elementor\/assets\/css\/widget-icon-box.min.css\">\t\t<div class=\"elementor-icon-box-wrapper\">\n\t\t\t\t\t\t<div class=\"elementor-icon-box-content\">\n\t\t\t\t<h3 class=\"elementor-icon-box-title\">\n\t\t\t\t\t<a href=\"#\" >\n\t\t\t\t\t\tKIYANCA GROUP\t\t\t\t\t<\/a>\n\t\t\t\t<\/h3>\n\t\t\t\t\t\t\t\t\t<p class=\"elementor-icon-box-description\">\n\t\t\t\t\t\tBienvenue chez Kiyanca, votre partenaire immobilier de confiance. Nous sommes une entreprise sp\u00e9cialis\u00e9e dans les services immobiliers, offrant une expertise compl\u00e8te pour vous accompagner dans tous vos projets. Que vous recherchiez une propri\u00e9t\u00e9 r\u00e9sidentielle, commerciale ou un investissement immobilier, nous sommes l\u00e0 pour vous aider \u00e0 concr\u00e9tiser vos aspirations.\n<\/br>\n<\/br>\nChez Kiyanca, nous croyons en l'importance d'un service personnalis\u00e9 et de relations solides avec nos clients. Avec des ann\u00e9es d'exp\u00e9rience dans le secteur immobilier, notre \u00e9quipe talentueuse est compos\u00e9e d'experts passionn\u00e9s et d\u00e9vou\u00e9s, pr\u00eats \u00e0 mettre leurs comp\u00e9tences \u00e0 votre service. Nous nous effor\u00e7ons constamment de fournir des solutions sur mesure pour r\u00e9pondre \u00e0 vos besoins uniques.\t\t\t\t\t<\/p>\n\t\t\t\t\t\t\t<\/div>\n\t\t<\/div>\n\t\t\t\t<\/div>\n\t\t\t\t<\/div>\n\t\t\t\t<div class=\"elementor-element elementor-element-1e27013 list-text1 elementor-icon-list--layout-traditional elementor-list-item-link-full_width elementor-widget elementor-widget-icon-list\" data-id=\"1e27013\" data-element_type=\"widget\" data-widget_type=\"icon-list.default\">\n\t\t\t\t<div class=\"elementor-widget-container\">\n\t\t\t<link rel=\"stylesheet\" href=\"https:\/\/kiyancagroup.com\/wp-content\/plugins\/elementor\/assets\/css\/widget-icon-list.min.css\">\t\t<ul class=\"elementor-icon-list-items\">\n\t\t\t\t\t\t\t<li class=\"elementor-icon-list-item\">\n\t\t\t\t\t\t\t\t\t\t\t<span class=\"elementor-icon-list-icon\">\n\t\t\t\t\t\t\t<i aria-hidden=\"true\" class=\"far fa-heart\"><\/i>\t\t\t\t\t\t<\/span>\n\t\t\t\t\t\t\t\t\t\t<span class=\"elementor-icon-list-text\">Expertise et d\u00e9vouement<\/span>\n\t\t\t\t\t\t\t\t\t<\/li>\n\t\t\t\t\t\t\t\t<li class=\"elementor-icon-list-item\">\n\t\t\t\t\t\t\t\t\t\t\t<span class=\"elementor-icon-list-icon\">\n\t\t\t\t\t\t\t<i aria-hidden=\"true\" class=\"fas fa-shapes\"><\/i>\t\t\t\t\t\t<\/span>\n\t\t\t\t\t\t\t\t\t\t<span class=\"elementor-icon-list-text\">Engagement envers la satisfaction client <\/span>\n\t\t\t\t\t\t\t\t\t<\/li>\n\t\t\t\t\t\t\t\t<li class=\"elementor-icon-list-item\">\n\t\t\t\t\t\t\t\t\t\t\t<span class=\"elementor-icon-list-icon\">\n\t\t\t\t\t\t\t<i aria-hidden=\"true\" class=\"fas fa-balance-scale\"><\/i>\t\t\t\t\t\t<\/span>\n\t\t\t\t\t\t\t\t\t\t<span class=\"elementor-icon-list-text\">Int\u00e9grit\u00e9 et transparence <\/span>\n\t\t\t\t\t\t\t\t\t<\/li>\n\t\t\t\t\t\t<\/ul>\n\t\t\t\t<\/div>\n\t\t\t\t<\/div>\n\t\t\t\t\t<\/div>\n\t\t<\/div>\n\t\t\t\t\t\t\t<\/div>\n\t\t<\/section>\n\t\t\t\t<section class=\"elementor-section elementor-top-section elementor-element elementor-element-2a808ce elementor-section-boxed elementor-section-height-default elementor-section-height-default wpr-particle-no wpr-jarallax-no wpr-parallax-no wpr-sticky-section-no\" data-id=\"2a808ce\" data-element_type=\"section\">\n\t\t\t\t\t\t<div class=\"elementor-container elementor-column-gap-no\">\n\t\t\t\t\t<div class=\"elementor-column elementor-col-100 elementor-top-column elementor-element elementor-element-77e5e9c\" data-id=\"77e5e9c\" data-element_type=\"column\">\n\t\t\t<div class=\"elementor-widget-wrap elementor-element-populated\">\n\t\t\t\t\t\t\t\t<section class=\"elementor-section elementor-inner-section elementor-element elementor-element-edd24e9 elementor-section-full_width elementor-section-height-default elementor-section-height-default wpr-particle-no wpr-jarallax-no wpr-parallax-no wpr-sticky-section-no\" data-id=\"edd24e9\" data-element_type=\"section\">\n\t\t\t\t\t\t<div class=\"elementor-container elementor-column-gap-extended\">\n\t\t\t\t\t<div class=\"elementor-column elementor-col-50 elementor-inner-column elementor-element elementor-element-dca4cd6\" data-id=\"dca4cd6\" data-element_type=\"column\">\n\t\t\t<div class=\"elementor-widget-wrap elementor-element-populated\">\n\t\t\t\t\t\t\t\t<div class=\"elementor-element elementor-element-17f5f9a elementor-widget elementor-widget-heading\" data-id=\"17f5f9a\" data-element_type=\"widget\" data-widget_type=\"heading.default\">\n\t\t\t\t<div class=\"elementor-widget-container\">\n\t\t\t<div class=\"elementor-heading-title elementor-size-large\"><b>Vision<\/b><\/div>\t\t<\/div>\n\t\t\t\t<\/div>\n\t\t\t\t\t<\/div>\n\t\t<\/div>\n\t\t\t\t<div class=\"elementor-column elementor-col-50 elementor-inner-column elementor-element elementor-element-1a9bb65\" data-id=\"1a9bb65\" data-element_type=\"column\">\n\t\t\t<div class=\"elementor-widget-wrap elementor-element-populated\">\n\t\t\t\t\t\t\t\t<div class=\"elementor-element elementor-element-3bb435b elementor-widget__width-initial elementor-widget elementor-widget-heading\" data-id=\"3bb435b\" data-element_type=\"widget\" data-widget_type=\"heading.default\">\n\t\t\t\t<div class=\"elementor-widget-container\">\n\t\t\t<div class=\"elementor-heading-title elementor-size-default\">Notre vision chez Kiyanca Group est de devenir le leader incontest\u00e9 dans le domaine des services immobiliers, en offrant des solutions innovantes et sur mesure \u00e0 nos clients. Nous aspirons \u00e0 red\u00e9finir les normes de l'industrie en cr\u00e9ant une exp\u00e9rience immobili\u00e8re exceptionnelle, bas\u00e9e sur l'int\u00e9grit\u00e9, la transparence et l'excellence.\n\nNous nous effor\u00e7ons de b\u00e2tir des relations solides et de confiance avec nos clients, en comprenant leurs besoins sp\u00e9cifiques et en offrant des solutions adapt\u00e9es \u00e0 leurs objectifs immobiliers. Notre vision s'\u00e9tend au-del\u00e0 de simples transactions immobili\u00e8res, car nous cherchons \u00e0 cr\u00e9er de la valeur ajout\u00e9e pour nos clients \u00e0 long terme.\n\n<\/div>\t\t<\/div>\n\t\t\t\t<\/div>\n\t\t\t\t\t<\/div>\n\t\t<\/div>\n\t\t\t\t\t\t\t<\/div>\n\t\t<\/section>\n\t\t\t\t\t<\/div>\n\t\t<\/div>\n\t\t\t\t\t\t\t<\/div>\n\t\t<\/section>\n\t\t\t\t<section class=\"elementor-section elementor-top-section elementor-element elementor-element-bfdd348 elementor-section-boxed elementor-section-height-default elementor-section-height-default wpr-particle-no wpr-jarallax-no wpr-parallax-no wpr-sticky-section-no\" data-id=\"bfdd348\" data-element_type=\"section\">\n\t\t\t\t\t\t<div class=\"elementor-container elementor-column-gap-extended\">\n\t\t\t\t\t<div class=\"elementor-column elementor-col-100 elementor-top-column elementor-element elementor-element-fb4b50d\" data-id=\"fb4b50d\" data-element_type=\"column\">\n\t\t\t<div class=\"elementor-widget-wrap elementor-element-populated\">\n\t\t\t\t\t\t\t\t<div class=\"elementor-element elementor-element-eaddbbd elementor-view-default elementor-vertical-align-top elementor-widget elementor-widget-icon-box\" data-id=\"eaddbbd\" data-element_type=\"widget\" data-widget_type=\"icon-box.default\">\n\t\t\t\t<div class=\"elementor-widget-container\">\n\t\t\t\t\t<div class=\"elementor-icon-box-wrapper\">\n\t\t\t\t\t\t<div class=\"elementor-icon-box-content\">\n\t\t\t\t<h3 class=\"elementor-icon-box-title\">\n\t\t\t\t\t<span  >\n\t\t\t\t\t\tNotre \u00e9quipe\t\t\t\t\t<\/span>\n\t\t\t\t<\/h3>\n\t\t\t\t\t\t\t\t\t<p class=\"elementor-icon-box-description\">\n\t\t\t\t\t\tUne \u00e9quipe dynamique est \u00e0 votre service\t\t\t\t\t<\/p>\n\t\t\t\t\t\t\t<\/div>\n\t\t<\/div>\n\t\t\t\t<\/div>\n\t\t\t\t<\/div>\n\t\t\t\t\t<\/div>\n\t\t<\/div>\n\t\t\t\t\t\t\t<\/div>\n\t\t<\/section>\n\t\t\t\t<section class=\"elementor-section elementor-top-section elementor-element elementor-element-34f0ce5 elementor-section-boxed elementor-section-height-default elementor-section-height-default wpr-particle-no wpr-jarallax-no wpr-parallax-no wpr-sticky-section-no\" data-id=\"34f0ce5\" data-element_type=\"section\">\n\t\t\t\t\t\t<div class=\"elementor-container elementor-column-gap-default\">\n\t\t\t\t\t<div class=\"elementor-column elementor-col-25 elementor-top-column elementor-element elementor-element-069d5f8\" data-id=\"069d5f8\" data-element_type=\"column\">\n\t\t\t<div class=\"elementor-widget-wrap\">\n\t\t\t\t\t\t\t\t\t<\/div>\n\t\t<\/div>\n\t\t\t\t<div class=\"elementor-column elementor-col-25 elementor-top-column elementor-element elementor-element-9f03da7\" data-id=\"9f03da7\" data-element_type=\"column\">\n\t\t\t<div class=\"elementor-widget-wrap\">\n\t\t\t\t\t\t\t\t\t<\/div>\n\t\t<\/div>\n\t\t\t\t<div class=\"elementor-column elementor-col-25 elementor-top-column elementor-element elementor-element-a1f2e66\" data-id=\"a1f2e66\" data-element_type=\"column\">\n\t\t\t<div class=\"elementor-widget-wrap\">\n\t\t\t\t\t\t\t\t\t<\/div>\n\t\t<\/div>\n\t\t\t\t<div class=\"elementor-column elementor-col-25 elementor-top-column elementor-element elementor-element-daec88a\" data-id=\"daec88a\" data-element_type=\"column\">\n\t\t\t<div class=\"elementor-widget-wrap\">\n\t\t\t\t\t\t\t\t\t<\/div>\n\t\t<\/div>\n\t\t\t\t\t\t\t<\/div>\n\t\t<\/section>\n\t\t\t\t\t\t\t<\/div>\n\t\t","protected":false},"excerpt":{"rendered":"<p># PRESENTATION KIYANCA GROUP Bienvenue chez Kiyanca, votre partenaire immobilier de confiance. Nous sommes une entreprise sp\u00e9cialis\u00e9e dans les services immobiliers, offrant une expertise compl\u00e8te pour vous accompagner dans tous vos projets. Que vous recherchiez une propri\u00e9t\u00e9 r\u00e9sidentielle, commerciale ou &hellip; <a href=\"https:\/\/kiyancagroup.com\/index.php\/presentation\/\">Readmore<\/a><\/p>\n","protected":false},"author":1,"featured_media":14039,"parent":0,"menu_order":0,"comment_status":"closed","ping_status":"closed","template":"","meta":{"footnotes":""},"class_list":["post-1493","page","type-page","status-publish","has-post-thumbnail","hentry"],"yoast_head":"<!-- This site is optimized with the Yoast SEO plugin v20.8 - https:\/\/yoast.com\/wordpress\/plugins\/seo\/ -->\n<title>Pr\u00e9sentation - KIYANCA GROUP<\/title>\n<meta name=\"description\" content=\"Acheter un bien immobilier, qu&#039;il soit destin\u00e9 \u00e0 un usage personnel ou professionnel, repr\u00e9sente \u00e0 la fois un \u00e9v\u00e9nement d&#039;une grande importance et un investissement s\u00e9rieux. Cette d\u00e9marche requiert l&#039;expertise d&#039;un professionnel pour mener \u00e0 bien ce qui peut \u00eatre consid\u00e9r\u00e9 comme un v\u00e9ritable projet de vie.\" \/>\n<meta name=\"robots\" content=\"index, follow, max-snippet:-1, max-image-preview:large, max-video-preview:-1\" \/>\n<link rel=\"canonical\" href=\"https:\/\/kiyancagroup.com\/index.php\/presentation\/\" \/>\n<meta property=\"og:locale\" content=\"fr_FR\" \/>\n<meta property=\"og:type\" content=\"article\" \/>\n<meta property=\"og:title\" content=\"Pr\u00e9sentation - KIYANCA GROUP\" \/>\n<meta property=\"og:description\" content=\"Acheter un bien immobilier, qu&#039;il soit destin\u00e9 \u00e0 un usage personnel ou professionnel, repr\u00e9sente \u00e0 la fois un \u00e9v\u00e9nement d&#039;une grande importance et un investissement s\u00e9rieux. Cette d\u00e9marche requiert l&#039;expertise d&#039;un professionnel pour mener \u00e0 bien ce qui peut \u00eatre consid\u00e9r\u00e9 comme un v\u00e9ritable projet de vie.\" \/>\n<meta property=\"og:url\" content=\"https:\/\/kiyancagroup.com\/index.php\/presentation\/\" \/>\n<meta property=\"og:site_name\" content=\"KIYANCA GROUP\" \/>\n<meta property=\"article:modified_time\" content=\"2023-06-13T15:14:41+00:00\" \/>\n<meta property=\"og:image\" content=\"https:\/\/kiyancagroup.com\/wp-content\/uploads\/2023\/06\/slider31.png\" \/>\n\t<meta property=\"og:image:width\" content=\"1840\" \/>\n\t<meta property=\"og:image:height\" content=\"828\" \/>\n\t<meta property=\"og:image:type\" content=\"image\/png\" \/>\n<meta name=\"twitter:card\" content=\"summary_large_image\" \/>\n<meta name=\"twitter:label1\" content=\"Dur\u00e9e de lecture estim\u00e9e\" \/>\n\t<meta name=\"twitter:data1\" content=\"3 minutes\" \/>\n<script type=\"application\/ld+json\" class=\"yoast-schema-graph\">{\"@context\":\"https:\/\/schema.org\",\"@graph\":[{\"@type\":\"WebPage\",\"@id\":\"https:\/\/kiyancagroup.com\/index.php\/presentation\/\",\"url\":\"https:\/\/kiyancagroup.com\/index.php\/presentation\/\",\"name\":\"Pr\u00e9sentation - KIYANCA GROUP\",\"isPartOf\":{\"@id\":\"https:\/\/kiyancagroup.com\/#website\"},\"datePublished\":\"2023-05-14T02:02:00+00:00\",\"dateModified\":\"2023-06-13T15:14:41+00:00\",\"description\":\"Acheter un bien immobilier, qu'il soit destin\u00e9 \u00e0 un usage personnel ou professionnel, repr\u00e9sente \u00e0 la fois un \u00e9v\u00e9nement d'une grande importance et un investissement s\u00e9rieux. Cette d\u00e9marche requiert l'expertise d'un professionnel pour mener \u00e0 bien ce qui peut \u00eatre consid\u00e9r\u00e9 comme un v\u00e9ritable projet de vie.\",\"breadcrumb\":{\"@id\":\"https:\/\/kiyancagroup.com\/index.php\/presentation\/#breadcrumb\"},\"inLanguage\":\"fr-FR\",\"potentialAction\":[{\"@type\":\"ReadAction\",\"target\":[\"https:\/\/kiyancagroup.com\/index.php\/presentation\/\"]}]},{\"@type\":\"BreadcrumbList\",\"@id\":\"https:\/\/kiyancagroup.com\/index.php\/presentation\/#breadcrumb\",\"itemListElement\":[{\"@type\":\"ListItem\",\"position\":1,\"name\":\"Accueil\",\"item\":\"https:\/\/kiyancagroup.com\/\"},{\"@type\":\"ListItem\",\"position\":2,\"name\":\"Pr\u00e9sentation\"}]},{\"@type\":\"WebSite\",\"@id\":\"https:\/\/kiyancagroup.com\/#website\",\"url\":\"https:\/\/kiyancagroup.com\/\",\"name\":\"KIYANCA GROUP\",\"description\":\"&quot;B\u00e2tissons l&#039;avenir immobilier ensemble avec Kiyanca Group\",\"potentialAction\":[{\"@type\":\"SearchAction\",\"target\":{\"@type\":\"EntryPoint\",\"urlTemplate\":\"https:\/\/kiyancagroup.com\/?s={search_term_string}\"},\"query-input\":\"required name=search_term_string\"}],\"inLanguage\":\"fr-FR\"}]}<\/script>\n<!-- \/ Yoast SEO plugin. -->","yoast_head_json":{"title":"Pr\u00e9sentation - KIYANCA GROUP","description":"Acheter un bien immobilier, qu'il soit destin\u00e9 \u00e0 un usage personnel ou professionnel, repr\u00e9sente \u00e0 la fois un \u00e9v\u00e9nement d'une grande importance et un investissement s\u00e9rieux. Cette d\u00e9marche requiert l'expertise d'un professionnel pour mener \u00e0 bien ce qui peut \u00eatre consid\u00e9r\u00e9 comme un v\u00e9ritable projet de vie.","robots":{"index":"index","follow":"follow","max-snippet":"max-snippet:-1","max-image-preview":"max-image-preview:large","max-video-preview":"max-video-preview:-1"},"canonical":"https:\/\/kiyancagroup.com\/index.php\/presentation\/","og_locale":"fr_FR","og_type":"article","og_title":"Pr\u00e9sentation - KIYANCA GROUP","og_description":"Acheter un bien immobilier, qu'il soit destin\u00e9 \u00e0 un usage personnel ou professionnel, repr\u00e9sente \u00e0 la fois un \u00e9v\u00e9nement d'une grande importance et un investissement s\u00e9rieux. Cette d\u00e9marche requiert l'expertise d'un professionnel pour mener \u00e0 bien ce qui peut \u00eatre consid\u00e9r\u00e9 comme un v\u00e9ritable projet de vie.","og_url":"https:\/\/kiyancagroup.com\/index.php\/presentation\/","og_site_name":"KIYANCA GROUP","article_modified_time":"2023-06-13T15:14:41+00:00","og_image":[{"width":1840,"height":828,"url":"https:\/\/kiyancagroup.com\/wp-content\/uploads\/2023\/06\/slider31.png","type":"image\/png"}],"twitter_card":"summary_large_image","twitter_misc":{"Dur\u00e9e de lecture estim\u00e9e":"3 minutes"},"schema":{"@context":"https:\/\/schema.org","@graph":[{"@type":"WebPage","@id":"https:\/\/kiyancagroup.com\/index.php\/presentation\/","url":"https:\/\/kiyancagroup.com\/index.php\/presentation\/","name":"Pr\u00e9sentation - KIYANCA GROUP","isPartOf":{"@id":"https:\/\/kiyancagroup.com\/#website"},"datePublished":"2023-05-14T02:02:00+00:00","dateModified":"2023-06-13T15:14:41+00:00","description":"Acheter un bien immobilier, qu'il soit destin\u00e9 \u00e0 un usage personnel ou professionnel, repr\u00e9sente \u00e0 la fois un \u00e9v\u00e9nement d'une grande importance et un investissement s\u00e9rieux. Cette d\u00e9marche requiert l'expertise d'un professionnel pour mener \u00e0 bien ce qui peut \u00eatre consid\u00e9r\u00e9 comme un v\u00e9ritable projet de vie.","breadcrumb":{"@id":"https:\/\/kiyancagroup.com\/index.php\/presentation\/#breadcrumb"},"inLanguage":"fr-FR","potentialAction":[{"@type":"ReadAction","target":["https:\/\/kiyancagroup.com\/index.php\/presentation\/"]}]},{"@type":"BreadcrumbList","@id":"https:\/\/kiyancagroup.com\/index.php\/presentation\/#breadcrumb","itemListElement":[{"@type":"ListItem","position":1,"name":"Accueil","item":"https:\/\/kiyancagroup.com\/"},{"@type":"ListItem","position":2,"name":"Pr\u00e9sentation"}]},{"@type":"WebSite","@id":"https:\/\/kiyancagroup.com\/#website","url":"https:\/\/kiyancagroup.com\/","name":"KIYANCA GROUP","description":"&quot;B\u00e2tissons l&#039;avenir immobilier ensemble avec Kiyanca Group","potentialAction":[{"@type":"SearchAction","target":{"@type":"EntryPoint","urlTemplate":"https:\/\/kiyancagroup.com\/?s={search_term_string}"},"query-input":"required name=search_term_string"}],"inLanguage":"fr-FR"}]}},"_links":{"self":[{"href":"https:\/\/kiyancagroup.com\/index.php\/wp-json\/wp\/v2\/pages\/1493","targetHints":{"allow":["GET"]}}],"collection":[{"href":"https:\/\/kiyancagroup.com\/index.php\/wp-json\/wp\/v2\/pages"}],"about":[{"href":"https:\/\/kiyancagroup.com\/index.php\/wp-json\/wp\/v2\/types\/page"}],"author":[{"embeddable":true,"href":"https:\/\/kiyancagroup.com\/index.php\/wp-json\/wp\/v2\/users\/1"}],"replies":[{"embeddable":true,"href":"https:\/\/kiyancagroup.com\/index.php\/wp-json\/wp\/v2\/comments?post=1493"}],"version-history":[{"count":70,"href":"https:\/\/kiyancagroup.com\/index.php\/wp-json\/wp\/v2\/pages\/1493\/revisions"}],"predecessor-version":[{"id":14639,"href":"https:\/\/kiyancagroup.com\/index.php\/wp-json\/wp\/v2\/pages\/1493\/revisions\/14639"}],"wp:featuredmedia":[{"embeddable":true,"href":"https:\/\/kiyancagroup.com\/index.php\/wp-json\/wp\/v2\/media\/14039"}],"wp:attachment":[{"href":"https:\/\/kiyancagroup.com\/index.php\/wp-json\/wp\/v2\/media?parent=1493"}],"curies":[{"name":"wp","href":"https:\/\/api.w.org\/{rel}","templated":true}]}}