{"id":14509,"date":"2023-06-13T11:40:01","date_gmt":"2023-06-13T11:40:01","guid":{"rendered":"https:\/\/kiyancagroup.com\/?page_id=14509"},"modified":"2023-06-15T08:12:15","modified_gmt":"2023-06-15T08:12:15","slug":"rehabilitation-renovation","status":"publish","type":"page","link":"https:\/\/kiyancagroup.com\/index.php\/rehabilitation-renovation\/","title":{"rendered":"R\u00e9habilitation-R\u00e9novation"},"content":{"rendered":"\t\t<div data-elementor-type=\"wp-page\" data-elementor-id=\"14509\" class=\"elementor elementor-14509\">\n\t\t\t\t\t\t\t\t\t<section class=\"elementor-section elementor-top-section elementor-element elementor-element-5fb00a3 elementor-section-boxed elementor-section-height-default elementor-section-height-default wpr-particle-no wpr-jarallax-no wpr-parallax-no wpr-sticky-section-no elementor-invisible\" data-id=\"5fb00a3\" data-element_type=\"section\" data-settings=\"{&quot;animation&quot;:&quot;fadeInDown&quot;}\">\n\t\t\t\t\t\t<div class=\"elementor-container elementor-column-gap-default\">\n\t\t\t\t\t<div class=\"elementor-column elementor-col-50 elementor-top-column elementor-element elementor-element-582c723\" data-id=\"582c723\" data-element_type=\"column\">\n\t\t\t<div class=\"elementor-widget-wrap elementor-element-populated\">\n\t\t\t\t\t\t\t\t<div class=\"elementor-element elementor-element-e53fe12 elementor-widget elementor-widget-image\" data-id=\"e53fe12\" data-element_type=\"widget\" data-widget_type=\"image.default\">\n\t\t\t\t<div class=\"elementor-widget-container\">\n\t\t\t<style>\/*! elementor - v3.13.3 - 28-05-2023 *\/\n.elementor-widget-image{text-align:center}.elementor-widget-image a{display:inline-block}.elementor-widget-image a img[src$=\".svg\"]{width:48px}.elementor-widget-image img{vertical-align:middle;display:inline-block}<\/style>\t\t\t\t\t\t\t\t\t\t\t\t<img loading=\"lazy\" decoding=\"async\" width=\"700\" height=\"400\" src=\"https:\/\/kiyancagroup.com\/wp-content\/uploads\/2023\/06\/R-92.jpg\" class=\"attachment-full size-full wp-image-14511\" alt=\"\" srcset=\"https:\/\/kiyancagroup.com\/wp-content\/uploads\/2023\/06\/R-92.jpg 700w, https:\/\/kiyancagroup.com\/wp-content\/uploads\/2023\/06\/R-92-300x171.jpg 300w, https:\/\/kiyancagroup.com\/wp-content\/uploads\/2023\/06\/R-92-600x343.jpg 600w\" sizes=\"auto, (max-width: 700px) 100vw, 700px\" \/>\t\t\t\t\t\t\t\t\t\t\t\t\t\t\t<\/div>\n\t\t\t\t<\/div>\n\t\t\t\t<div class=\"elementor-element elementor-element-9f4ff04 elementor-view-default elementor-vertical-align-top elementor-widget elementor-widget-icon-box\" data-id=\"9f4ff04\" data-element_type=\"widget\" data-widget_type=\"icon-box.default\">\n\t\t\t\t<div class=\"elementor-widget-container\">\n\t\t\t<link rel=\"stylesheet\" href=\"https:\/\/kiyancagroup.com\/wp-content\/plugins\/elementor\/assets\/css\/widget-icon-box.min.css\">\t\t<div class=\"elementor-icon-box-wrapper\">\n\t\t\t\t\t\t<div class=\"elementor-icon-box-content\">\n\t\t\t\t<h3 class=\"elementor-icon-box-title\">\n\t\t\t\t\t<span  >\n\t\t\t\t\t\tExpertise technique :\t\t\t\t\t<\/span>\n\t\t\t\t<\/h3>\n\t\t\t\t\t\t\t\t\t<p class=\"elementor-icon-box-description\">\n\t\t\t\t\t\tAvec une \u00e9quipe d'experts en r\u00e9habilitation et en r\u00e9novation, nous sommes en mesure de mettre en \u0153uvre des solutions techniques avanc\u00e9es pour transformer vos biens immobiliers existants. Que ce soit pour la modernisation des installations, la r\u00e9paration des structures ou la mise \u00e0 jour des finitions, nous avons les comp\u00e9tences n\u00e9cessaires pour r\u00e9aliser des travaux de qualit\u00e9 sup\u00e9rieure.\n\nNous comprenons l'importance de cr\u00e9er un environnement qui r\u00e9pond \u00e0 vos besoins sp\u00e9cifiques et qui refl\u00e8te votre style de vie. C'est pourquoi nous nous engageons \u00e0 \u00e9couter attentivement vos souhaits et vos attentes, \u00e0 prendre en compte vos pr\u00e9f\u00e9rences esth\u00e9tiques et fonctionnelles, et \u00e0 travailler en \u00e9troite collaboration avec vous pour concevoir une r\u00e9habilitation ou une r\u00e9novation sur mesure.\n\nVoici un aper\u00e7u des services que nous proposons dans le domaine de la r\u00e9habilitation et de la r\u00e9novation :\n\t\t\t\t\t<\/p>\n\t\t\t\t\t\t\t<\/div>\n\t\t<\/div>\n\t\t\t\t<\/div>\n\t\t\t\t<\/div>\n\t\t\t\t<div class=\"elementor-element elementor-element-d62e79c elementor-view-default elementor-vertical-align-top elementor-widget elementor-widget-icon-box\" data-id=\"d62e79c\" data-element_type=\"widget\" data-widget_type=\"icon-box.default\">\n\t\t\t\t<div class=\"elementor-widget-container\">\n\t\t\t\t\t<div class=\"elementor-icon-box-wrapper\">\n\t\t\t\t\t\t<div class=\"elementor-icon-box-content\">\n\t\t\t\t<h3 class=\"elementor-icon-box-title\">\n\t\t\t\t\t<span  >\n\t\t\t\t\t\tGestion de projet efficace :\t\t\t\t\t<\/span>\n\t\t\t\t<\/h3>\n\t\t\t\t\t\t\t\t\t<p class=\"elementor-icon-box-description\">\n\t\t\t\t\t\tNous nous engageons \u00e0 g\u00e9rer votre projet de r\u00e9habilitation ou de r\u00e9novation de mani\u00e8re efficace et organis\u00e9e. Notre \u00e9quipe exp\u00e9riment\u00e9e assure une planification minutieuse, une coordination des travaux et un suivi rigoureux des d\u00e9lais et du budget. Nous sommes l\u00e0 pour superviser chaque \u00e9tape du processus, en veillant \u00e0 ce que les travaux se d\u00e9roulent sans heurts.\n\n\n\nNous comprenons l'importance de cr\u00e9er un environnement qui r\u00e9pond \u00e0 vos besoins sp\u00e9cifiques et qui refl\u00e8te votre style de vie. C'est pourquoi nous nous engageons \u00e0 \u00e9couter attentivement vos souhaits et vos attentes, \u00e0 prendre en compte vos pr\u00e9f\u00e9rences esth\u00e9tiques et fonctionnelles, et \u00e0 travailler en \u00e9troite collaboration avec vous pour concevoir une r\u00e9habilitation ou une r\u00e9novation sur mesure.\n\nVoici un aper\u00e7u des services que nous proposons dans le domaine de la r\u00e9habilitation et de la r\u00e9novation :\n\t\t\t\t\t<\/p>\n\t\t\t\t\t\t\t<\/div>\n\t\t<\/div>\n\t\t\t\t<\/div>\n\t\t\t\t<\/div>\n\t\t\t\t<div class=\"elementor-element elementor-element-0cadaf1 elementor-view-default elementor-vertical-align-top elementor-widget elementor-widget-icon-box\" data-id=\"0cadaf1\" data-element_type=\"widget\" data-widget_type=\"icon-box.default\">\n\t\t\t\t<div class=\"elementor-widget-container\">\n\t\t\t\t\t<div class=\"elementor-icon-box-wrapper\">\n\t\t\t\t\t\t<div class=\"elementor-icon-box-content\">\n\t\t\t\t<h3 class=\"elementor-icon-box-title\">\n\t\t\t\t\t<span  >\n\t\t\t\t\t\tRespect de l'environnement :\t\t\t\t\t<\/span>\n\t\t\t\t<\/h3>\n\t\t\t\t\t\t\t\t\t<p class=\"elementor-icon-box-description\">\n\t\t\t\t\t\tNous sommes engag\u00e9s dans des pratiques de r\u00e9habilitation et de r\u00e9novation respectueuses de l'environnement. Nous encourageons l'utilisation de mat\u00e9riaux durables et \u00e9co-responsables, ainsi que l'int\u00e9gration de solutions d'efficacit\u00e9 \u00e9nerg\u00e9tique. Nous visons \u00e0 minimiser l'impact environnemental de nos projets tout en cr\u00e9ant des espaces sains et durables.\n\n\n\nNous comprenons l'importance de cr\u00e9er un environnement qui r\u00e9pond \u00e0 vos besoins sp\u00e9cifiques et qui refl\u00e8te votre style de vie. C'est pourquoi nous nous engageons \u00e0 \u00e9couter attentivement vos souhaits et vos attentes, \u00e0 prendre en compte vos pr\u00e9f\u00e9rences esth\u00e9tiques et fonctionnelles, et \u00e0 travailler en \u00e9troite collaboration avec vous pour concevoir une r\u00e9habilitation ou une r\u00e9novation sur mesure.\n\nVoici un aper\u00e7u des services que nous proposons dans le domaine de la r\u00e9habilitation et de la r\u00e9novation :\n\t\t\t\t\t<\/p>\n\t\t\t\t\t\t\t<\/div>\n\t\t<\/div>\n\t\t\t\t<\/div>\n\t\t\t\t<\/div>\n\t\t\t\t\t<\/div>\n\t\t<\/div>\n\t\t\t\t<div class=\"elementor-column elementor-col-50 elementor-top-column elementor-element elementor-element-8971e28\" data-id=\"8971e28\" data-element_type=\"column\">\n\t\t\t<div class=\"elementor-widget-wrap elementor-element-populated\">\n\t\t\t\t\t\t\t\t<div class=\"elementor-element elementor-element-5a82a7a elementor-view-default elementor-vertical-align-top elementor-widget elementor-widget-icon-box\" data-id=\"5a82a7a\" data-element_type=\"widget\" data-widget_type=\"icon-box.default\">\n\t\t\t\t<div class=\"elementor-widget-container\">\n\t\t\t\t\t<div class=\"elementor-icon-box-wrapper\">\n\t\t\t\t\t\t<div class=\"elementor-icon-box-content\">\n\t\t\t\t<h1 class=\"elementor-icon-box-title\">\n\t\t\t\t\t<span  >\n\t\t\t\t\t\tR\u00e9habilitation & R\u00e9novation\t\t\t\t\t<\/span>\n\t\t\t\t<\/h1>\n\t\t\t\t\t\t\t\t\t<p class=\"elementor-icon-box-description\">\n\t\t\t\t\t\tLe service de r\u00e9habilitation et de r\u00e9novation de Kiyanca Group est con\u00e7u pour redonner vie \u00e0 vos biens immobiliers existants et les transformer en espaces modernes, fonctionnels et attrayants. Que vous envisagiez de r\u00e9nover votre maison, votre appartement, votre bureau ou toute autre propri\u00e9t\u00e9, notre \u00e9quipe exp\u00e9riment\u00e9e est l\u00e0 pour vous accompagner tout au long du processus et faire de vos id\u00e9es une r\u00e9alit\u00e9 concr\u00e8te.\n\nNous comprenons l'importance de cr\u00e9er un environnement qui r\u00e9pond \u00e0 vos besoins sp\u00e9cifiques et qui refl\u00e8te votre style de vie. C'est pourquoi nous nous engageons \u00e0 \u00e9couter attentivement vos souhaits et vos attentes, \u00e0 prendre en compte vos pr\u00e9f\u00e9rences esth\u00e9tiques et fonctionnelles, et \u00e0 travailler en \u00e9troite collaboration avec vous pour concevoir une r\u00e9habilitation ou une r\u00e9novation sur mesure.<\/br>\n\nVoici un aper\u00e7u des services que nous proposons dans le domaine de la r\u00e9habilitation et de la r\u00e9novation :\n\t\t\t\t\t<\/p>\n\t\t\t\t\t\t\t<\/div>\n\t\t<\/div>\n\t\t\t\t<\/div>\n\t\t\t\t<\/div>\n\t\t\t\t<div class=\"elementor-element elementor-element-cc98c23 elementor-view-default elementor-vertical-align-top elementor-widget elementor-widget-icon-box\" data-id=\"cc98c23\" data-element_type=\"widget\" data-widget_type=\"icon-box.default\">\n\t\t\t\t<div class=\"elementor-widget-container\">\n\t\t\t\t\t<div class=\"elementor-icon-box-wrapper\">\n\t\t\t\t\t\t<div class=\"elementor-icon-box-content\">\n\t\t\t\t<h3 class=\"elementor-icon-box-title\">\n\t\t\t\t\t<span  >\n\t\t\t\t\t\t\u00c9coute et compr\u00e9hension :\t\t\t\t\t<\/span>\n\t\t\t\t<\/h3>\n\t\t\t\t\t\t\t\t\t<p class=\"elementor-icon-box-description\">\n\t\t\t\t\t\tNous croyons en l'importance d'\u00e9couter attentivement nos clients pour comprendre leurs attentes et leurs objectifs de r\u00e9habilitation ou de r\u00e9novation. Nous travaillons en \u00e9troite collaboration avec vous pour saisir vos id\u00e9es, vos pr\u00e9f\u00e9rences esth\u00e9tiques et vos besoins fonctionnels, afin de cr\u00e9er un plan de r\u00e9habilitation personnalis\u00e9.\n\nNous comprenons l'importance de cr\u00e9er un environnement qui r\u00e9pond \u00e0 vos besoins sp\u00e9cifiques et qui refl\u00e8te votre style de vie. C'est pourquoi nous nous engageons \u00e0 \u00e9couter attentivement vos souhaits et vos attentes, \u00e0 prendre en compte vos pr\u00e9f\u00e9rences esth\u00e9tiques et fonctionnelles, et \u00e0 travailler en \u00e9troite collaboration avec vous pour concevoir une r\u00e9habilitation ou une r\u00e9novation sur mesure.\n\nVoici un aper\u00e7u des services que nous proposons dans le domaine de la r\u00e9habilitation et de la r\u00e9novation :\n\t\t\t\t\t<\/p>\n\t\t\t\t\t\t\t<\/div>\n\t\t<\/div>\n\t\t\t\t<\/div>\n\t\t\t\t<\/div>\n\t\t\t\t<div class=\"elementor-element elementor-element-bc877f3 elementor-view-default elementor-vertical-align-top elementor-widget elementor-widget-icon-box\" data-id=\"bc877f3\" data-element_type=\"widget\" data-widget_type=\"icon-box.default\">\n\t\t\t\t<div class=\"elementor-widget-container\">\n\t\t\t\t\t<div class=\"elementor-icon-box-wrapper\">\n\t\t\t\t\t\t<div class=\"elementor-icon-box-content\">\n\t\t\t\t<h3 class=\"elementor-icon-box-title\">\n\t\t\t\t\t<span  >\n\t\t\t\t\t\tConception et personnalisation :\t\t\t\t\t<\/span>\n\t\t\t\t<\/h3>\n\t\t\t\t\t\t\t\t\t<p class=\"elementor-icon-box-description\">\n\t\t\t\t\t\tNous accordons une grande importance \u00e0 la conception et \u00e0 la personnalisation de vos espaces r\u00e9nov\u00e9s. Nous travaillons avec des architectes et des designers exp\u00e9riment\u00e9s pour cr\u00e9er des plans et des concepts qui r\u00e9pondent \u00e0 vos go\u00fbts et \u00e0 votre style de vie. Notre objectif est de cr\u00e9er des espaces uniques et fonctionnels qui refl\u00e8tent votre personnalit\u00e9 et vos besoins sp\u00e9cifiques.\n\nNous comprenons l'importance de cr\u00e9er un environnement qui r\u00e9pond \u00e0 vos besoins sp\u00e9cifiques et qui refl\u00e8te votre style de vie. C'est pourquoi nous nous engageons \u00e0 \u00e9couter attentivement vos souhaits et vos attentes, \u00e0 prendre en compte vos pr\u00e9f\u00e9rences esth\u00e9tiques et fonctionnelles, et \u00e0 travailler en \u00e9troite collaboration avec vous pour concevoir une r\u00e9habilitation ou une r\u00e9novation sur mesure.\n\nVoici un aper\u00e7u des services que nous proposons dans le domaine de la r\u00e9habilitation et de la r\u00e9novation :\n\t\t\t\t\t<\/p>\n\t\t\t\t\t\t\t<\/div>\n\t\t<\/div>\n\t\t\t\t<\/div>\n\t\t\t\t<\/div>\n\t\t\t\t<div class=\"elementor-element elementor-element-237a9cf elementor-view-default elementor-vertical-align-top elementor-widget elementor-widget-icon-box\" data-id=\"237a9cf\" data-element_type=\"widget\" data-widget_type=\"icon-box.default\">\n\t\t\t\t<div class=\"elementor-widget-container\">\n\t\t\t\t\t<div class=\"elementor-icon-box-wrapper\">\n\t\t\t\t\t\t<div class=\"elementor-icon-box-content\">\n\t\t\t\t<h3 class=\"elementor-icon-box-title\">\n\t\t\t\t\t<span  >\n\t\t\t\t\t\tQualit\u00e9 et finitions exceptionnelles :\t\t\t\t\t<\/span>\n\t\t\t\t<\/h3>\n\t\t\t\t\t\t\t\t\t<p class=\"elementor-icon-box-description\">\n\t\t\t\t\t\tNous attachons une grande importance \u00e0 la qualit\u00e9 des travaux et aux finitions exceptionnelles. Nous s\u00e9lectionnons soigneusement les mat\u00e9riaux et les \u00e9quipements pour garantir un r\u00e9sultat final esth\u00e9tiquement agr\u00e9able et durable. Notre objectif est de cr\u00e9er des espaces qui vous apportent satisfaction et confort pendant de nombreuses ann\u00e9es \u00e0 venir.\n\nNous comprenons l'importance de cr\u00e9er un environnement qui r\u00e9pond \u00e0 vos besoins sp\u00e9cifiques et qui refl\u00e8te votre style de vie. C'est pourquoi nous nous engageons \u00e0 \u00e9couter attentivement vos souhaits et vos attentes, \u00e0 prendre en compte vos pr\u00e9f\u00e9rences esth\u00e9tiques et fonctionnelles, et \u00e0 travailler en \u00e9troite collaboration avec vous pour concevoir une r\u00e9habilitation ou une r\u00e9novation sur mesure.\n\t\t\t\t\t<\/p>\n\t\t\t\t\t\t\t<\/div>\n\t\t<\/div>\n\t\t\t\t<\/div>\n\t\t\t\t<\/div>\n\t\t\t\t<div class=\"elementor-element elementor-element-4ad5606 elementor-view-default elementor-vertical-align-top elementor-widget elementor-widget-icon-box\" data-id=\"4ad5606\" data-element_type=\"widget\" data-widget_type=\"icon-box.default\">\n\t\t\t\t<div class=\"elementor-widget-container\">\n\t\t\t\t\t<div class=\"elementor-icon-box-wrapper\">\n\t\t\t\t\t\t<div class=\"elementor-icon-box-content\">\n\t\t\t\t<h3 class=\"elementor-icon-box-title\">\n\t\t\t\t\t<span  >\n\t\t\t\t\t\tQualit\u00e9 et finitions exceptionnelles :\t\t\t\t\t<\/span>\n\t\t\t\t<\/h3>\n\t\t\t\t\t\t\t\t\t<p class=\"elementor-icon-box-description\">\n\t\t\t\t\t\tNous attachons une grande importance \u00e0 la qualit\u00e9 des travaux et aux finitions exceptionnelles. Nous s\u00e9lectionnons soigneusement les mat\u00e9riaux et les \u00e9quipements pour garantir un r\u00e9sultat final esth\u00e9tiquement agr\u00e9able et durable. Notre objectif est de cr\u00e9er des espaces qui vous apportent satisfaction et confort pendant de nombreuses ann\u00e9es \u00e0 venir.\n\nNous comprenons l'importance de cr\u00e9er un environnement qui r\u00e9pond \u00e0 vos besoins sp\u00e9cifiques et qui refl\u00e8te votre style de vie. C'est pourquoi nous nous engageons \u00e0 \u00e9couter attentivement vos souhaits et vos attentes, \u00e0 prendre en compte vos pr\u00e9f\u00e9rences esth\u00e9tiques et fonctionnelles, et \u00e0 travailler en \u00e9troite collaboration avec vous pour concevoir une r\u00e9habilitation ou une r\u00e9novation sur mesure.\n\nVoici un aper\u00e7u des services que nous proposons dans le domaine de la r\u00e9habilitation et de la r\u00e9novation :\n\t\t\t\t\t<\/p>\n\t\t\t\t\t\t\t<\/div>\n\t\t<\/div>\n\t\t\t\t<\/div>\n\t\t\t\t<\/div>\n\t\t\t\t\t<\/div>\n\t\t<\/div>\n\t\t\t\t\t\t\t<\/div>\n\t\t<\/section>\n\t\t\t\t\t\t\t<\/div>\n\t\t","protected":false},"excerpt":{"rendered":"<p>Expertise technique : Avec une \u00e9quipe d&rsquo;experts en r\u00e9habilitation et en r\u00e9novation, nous sommes en mesure de mettre en \u0153uvre des solutions techniques avanc\u00e9es pour transformer vos biens immobiliers existants. Que ce soit pour la modernisation des installations, la r\u00e9paration &hellip; <a href=\"https:\/\/kiyancagroup.com\/index.php\/rehabilitation-renovation\/\">Readmore<\/a><\/p>\n","protected":false},"author":2,"featured_media":14385,"parent":0,"menu_order":0,"comment_status":"closed","ping_status":"closed","template":"","meta":{"footnotes":""},"class_list":["post-14509","page","type-page","status-publish","has-post-thumbnail","hentry"],"yoast_head":"<!-- This site is optimized with the Yoast SEO plugin v20.8 - https:\/\/yoast.com\/wordpress\/plugins\/seo\/ -->\n<title>R\u00e9habilitation-R\u00e9novation - KIYANCA GROUP<\/title>\n<meta name=\"description\" content=\"La r\u00e9habilitation et la r\u00e9novation immobili\u00e8re sont des processus visant \u00e0 am\u00e9liorer, moderniser ou r\u00e9parer des biens immobiliers existants. Bien que les termes soient souvent utilis\u00e9s de mani\u00e8re interchangeable, ils peuvent avoir des nuances sp\u00e9cifiques selon le contexte\" \/>\n<meta name=\"robots\" content=\"index, follow, max-snippet:-1, max-image-preview:large, max-video-preview:-1\" \/>\n<link rel=\"canonical\" href=\"https:\/\/kiyancagroup.com\/index.php\/rehabilitation-renovation\/\" \/>\n<meta property=\"og:locale\" content=\"fr_FR\" \/>\n<meta property=\"og:type\" content=\"article\" \/>\n<meta property=\"og:title\" content=\"R\u00e9habilitation-R\u00e9novation - KIYANCA GROUP\" \/>\n<meta property=\"og:description\" content=\"La r\u00e9habilitation et la r\u00e9novation immobili\u00e8re sont des processus visant \u00e0 am\u00e9liorer, moderniser ou r\u00e9parer des biens immobiliers existants. Bien que les termes soient souvent utilis\u00e9s de mani\u00e8re interchangeable, ils peuvent avoir des nuances sp\u00e9cifiques selon le contexte\" \/>\n<meta property=\"og:url\" content=\"https:\/\/kiyancagroup.com\/index.php\/rehabilitation-renovation\/\" \/>\n<meta property=\"og:site_name\" content=\"KIYANCA GROUP\" \/>\n<meta property=\"article:modified_time\" content=\"2023-06-15T08:12:15+00:00\" \/>\n<meta property=\"og:image\" content=\"https:\/\/kiyancagroup.com\/wp-content\/uploads\/2023\/06\/rehabilitation.png\" \/>\n\t<meta property=\"og:image:width\" content=\"350\" \/>\n\t<meta property=\"og:image:height\" content=\"467\" \/>\n\t<meta property=\"og:image:type\" content=\"image\/png\" \/>\n<meta name=\"twitter:card\" content=\"summary_large_image\" \/>\n<meta name=\"twitter:label1\" content=\"Dur\u00e9e de lecture estim\u00e9e\" \/>\n\t<meta name=\"twitter:data1\" content=\"6 minutes\" \/>\n<script type=\"application\/ld+json\" class=\"yoast-schema-graph\">{\"@context\":\"https:\/\/schema.org\",\"@graph\":[{\"@type\":\"WebPage\",\"@id\":\"https:\/\/kiyancagroup.com\/index.php\/rehabilitation-renovation\/\",\"url\":\"https:\/\/kiyancagroup.com\/index.php\/rehabilitation-renovation\/\",\"name\":\"R\u00e9habilitation-R\u00e9novation - KIYANCA GROUP\",\"isPartOf\":{\"@id\":\"https:\/\/kiyancagroup.com\/#website\"},\"datePublished\":\"2023-06-13T11:40:01+00:00\",\"dateModified\":\"2023-06-15T08:12:15+00:00\",\"description\":\"La r\u00e9habilitation et la r\u00e9novation immobili\u00e8re sont des processus visant \u00e0 am\u00e9liorer, moderniser ou r\u00e9parer des biens immobiliers existants. Bien que les termes soient souvent utilis\u00e9s de mani\u00e8re interchangeable, ils peuvent avoir des nuances sp\u00e9cifiques selon le contexte\",\"breadcrumb\":{\"@id\":\"https:\/\/kiyancagroup.com\/index.php\/rehabilitation-renovation\/#breadcrumb\"},\"inLanguage\":\"fr-FR\",\"potentialAction\":[{\"@type\":\"ReadAction\",\"target\":[\"https:\/\/kiyancagroup.com\/index.php\/rehabilitation-renovation\/\"]}]},{\"@type\":\"BreadcrumbList\",\"@id\":\"https:\/\/kiyancagroup.com\/index.php\/rehabilitation-renovation\/#breadcrumb\",\"itemListElement\":[{\"@type\":\"ListItem\",\"position\":1,\"name\":\"Accueil\",\"item\":\"https:\/\/kiyancagroup.com\/\"},{\"@type\":\"ListItem\",\"position\":2,\"name\":\"R\u00e9habilitation-R\u00e9novation\"}]},{\"@type\":\"WebSite\",\"@id\":\"https:\/\/kiyancagroup.com\/#website\",\"url\":\"https:\/\/kiyancagroup.com\/\",\"name\":\"KIYANCA GROUP\",\"description\":\"&quot;B\u00e2tissons l&#039;avenir immobilier ensemble avec Kiyanca Group\",\"potentialAction\":[{\"@type\":\"SearchAction\",\"target\":{\"@type\":\"EntryPoint\",\"urlTemplate\":\"https:\/\/kiyancagroup.com\/?s={search_term_string}\"},\"query-input\":\"required name=search_term_string\"}],\"inLanguage\":\"fr-FR\"}]}<\/script>\n<!-- \/ Yoast SEO plugin. -->","yoast_head_json":{"title":"R\u00e9habilitation-R\u00e9novation - KIYANCA GROUP","description":"La r\u00e9habilitation et la r\u00e9novation immobili\u00e8re sont des processus visant \u00e0 am\u00e9liorer, moderniser ou r\u00e9parer des biens immobiliers existants. Bien que les termes soient souvent utilis\u00e9s de mani\u00e8re interchangeable, ils peuvent avoir des nuances sp\u00e9cifiques selon le contexte","robots":{"index":"index","follow":"follow","max-snippet":"max-snippet:-1","max-image-preview":"max-image-preview:large","max-video-preview":"max-video-preview:-1"},"canonical":"https:\/\/kiyancagroup.com\/index.php\/rehabilitation-renovation\/","og_locale":"fr_FR","og_type":"article","og_title":"R\u00e9habilitation-R\u00e9novation - KIYANCA GROUP","og_description":"La r\u00e9habilitation et la r\u00e9novation immobili\u00e8re sont des processus visant \u00e0 am\u00e9liorer, moderniser ou r\u00e9parer des biens immobiliers existants. Bien que les termes soient souvent utilis\u00e9s de mani\u00e8re interchangeable, ils peuvent avoir des nuances sp\u00e9cifiques selon le contexte","og_url":"https:\/\/kiyancagroup.com\/index.php\/rehabilitation-renovation\/","og_site_name":"KIYANCA GROUP","article_modified_time":"2023-06-15T08:12:15+00:00","og_image":[{"width":350,"height":467,"url":"https:\/\/kiyancagroup.com\/wp-content\/uploads\/2023\/06\/rehabilitation.png","type":"image\/png"}],"twitter_card":"summary_large_image","twitter_misc":{"Dur\u00e9e de lecture estim\u00e9e":"6 minutes"},"schema":{"@context":"https:\/\/schema.org","@graph":[{"@type":"WebPage","@id":"https:\/\/kiyancagroup.com\/index.php\/rehabilitation-renovation\/","url":"https:\/\/kiyancagroup.com\/index.php\/rehabilitation-renovation\/","name":"R\u00e9habilitation-R\u00e9novation - KIYANCA GROUP","isPartOf":{"@id":"https:\/\/kiyancagroup.com\/#website"},"datePublished":"2023-06-13T11:40:01+00:00","dateModified":"2023-06-15T08:12:15+00:00","description":"La r\u00e9habilitation et la r\u00e9novation immobili\u00e8re sont des processus visant \u00e0 am\u00e9liorer, moderniser ou r\u00e9parer des biens immobiliers existants. Bien que les termes soient souvent utilis\u00e9s de mani\u00e8re interchangeable, ils peuvent avoir des nuances sp\u00e9cifiques selon le contexte","breadcrumb":{"@id":"https:\/\/kiyancagroup.com\/index.php\/rehabilitation-renovation\/#breadcrumb"},"inLanguage":"fr-FR","potentialAction":[{"@type":"ReadAction","target":["https:\/\/kiyancagroup.com\/index.php\/rehabilitation-renovation\/"]}]},{"@type":"BreadcrumbList","@id":"https:\/\/kiyancagroup.com\/index.php\/rehabilitation-renovation\/#breadcrumb","itemListElement":[{"@type":"ListItem","position":1,"name":"Accueil","item":"https:\/\/kiyancagroup.com\/"},{"@type":"ListItem","position":2,"name":"R\u00e9habilitation-R\u00e9novation"}]},{"@type":"WebSite","@id":"https:\/\/kiyancagroup.com\/#website","url":"https:\/\/kiyancagroup.com\/","name":"KIYANCA GROUP","description":"&quot;B\u00e2tissons l&#039;avenir immobilier ensemble avec Kiyanca Group","potentialAction":[{"@type":"SearchAction","target":{"@type":"EntryPoint","urlTemplate":"https:\/\/kiyancagroup.com\/?s={search_term_string}"},"query-input":"required name=search_term_string"}],"inLanguage":"fr-FR"}]}},"_links":{"self":[{"href":"https:\/\/kiyancagroup.com\/index.php\/wp-json\/wp\/v2\/pages\/14509","targetHints":{"allow":["GET"]}}],"collection":[{"href":"https:\/\/kiyancagroup.com\/index.php\/wp-json\/wp\/v2\/pages"}],"about":[{"href":"https:\/\/kiyancagroup.com\/index.php\/wp-json\/wp\/v2\/types\/page"}],"author":[{"embeddable":true,"href":"https:\/\/kiyancagroup.com\/index.php\/wp-json\/wp\/v2\/users\/2"}],"replies":[{"embeddable":true,"href":"https:\/\/kiyancagroup.com\/index.php\/wp-json\/wp\/v2\/comments?post=14509"}],"version-history":[{"count":17,"href":"https:\/\/kiyancagroup.com\/index.php\/wp-json\/wp\/v2\/pages\/14509\/revisions"}],"predecessor-version":[{"id":14975,"href":"https:\/\/kiyancagroup.com\/index.php\/wp-json\/wp\/v2\/pages\/14509\/revisions\/14975"}],"wp:featuredmedia":[{"embeddable":true,"href":"https:\/\/kiyancagroup.com\/index.php\/wp-json\/wp\/v2\/media\/14385"}],"wp:attachment":[{"href":"https:\/\/kiyancagroup.com\/index.php\/wp-json\/wp\/v2\/media?parent=14509"}],"curies":[{"name":"wp","href":"https:\/\/api.w.org\/{rel}","templated":true}]}}